{"id":61,"date":"2023-04-03T10:37:14","date_gmt":"2023-04-03T10:37:14","guid":{"rendered":"http:\/\/193.198.60.133\/wordpress\/?page_id=61"},"modified":"2023-04-03T11:24:30","modified_gmt":"2023-04-03T11:24:30","slug":"predbiljezbe-za-program-kuhar-ica","status":"publish","type":"page","link":"https:\/\/ponos.pou.hr\/en\/predbiljezbe-za-program-kuhar-ica\/","title":{"rendered":"Pre-registration for the chef program"},"content":{"rendered":"<h2 class=\"wp-block-heading\"><strong>APPLICATIONS ARE CLOSED!<\/strong><\/h2>\n\n\n\n<p><\/p>\n\n\n\n<p><\/p>\n\n\n\n<p><strong>WHO CAN ENROLL?<\/strong><\/p>\n\n\n\n<p>All unemployed persons with disabilities. The right to enroll is available to persons over 18 years of age, who have completed at least elementary secondary school and have a medical certificate of their health capacity to perform work for the program they are enrolling in. Entries until:\u00a0<strong>31.10.2022.<\/strong><\/p>\n\n\n\n<p><strong>HOW TO APPLY?<\/strong><\/p>\n\n\n\n<p>Applications and enrollments are made at the enrollment office of the Zagreb Public Open University (ground floor of the building, to the left of the entrance), Ulica Grada Vukovara 68, Zagreb.<\/p>\n\n\n\n<p><strong>WHAT DOCUMENTS ARE NECESSARY?<\/strong><\/p>\n\n\n\n<ul class=\"wp-block-list\">\n<li>When enrolling, the student must present the originals and attach copies of the necessary documents.<\/li>\n\n\n\n<li>OIB (Personal identification number )<\/li>\n\n\n\n<li>Document of citizenship<\/li>\n\n\n\n<li>Birth certificate<\/li>\n\n\n\n<li>Certificate of completion of the last school (public documents on acquired education issued until October 8, 1991 in educational institutions in the territory of the former SFRY are equal in legal force to school certificates, diplomas and other public documents of educational institutions of the Republic of Croatia and are not subject to the recognition procedure. Participants who have obtained diplomas outside the Republic of Croatia should attach the Decision on the recognition of the same when enrolling, as prescribed by the Law on the Recognition of Foreign Educational Qualifications.<\/li>\n\n\n\n<li>ID card<\/li>\n\n\n\n<li>Medical certificate (the costs of the certificate are fully covered by the project budget)<\/li>\n\n\n\n<li>Certificate of keeping in the records of the CES or certificate of labor law status from the HZMO<\/li>\n\n\n\n<li>Finding\/opinion\/decision of the relevant body proving the type or degree or percentage of injury<\/li>\n<\/ul>","protected":false},"excerpt":{"rendered":"<p>PRIJAVE SU ZAVR\u0160ILE! TKO SE MO\u017dE UPISATI? Sve nezaposlene osobe s invaliditetom. Pravo upisa imaju osobe s navr\u0161enih 18 godina \u017eivota, minimalno zavr\u0161enom osnovnom srednjom \u0161kolom i lije\u010dni\u010dkim uvjerenjem o zdravstvenoj sposobnosti za obavljanje poslova za program koji upisuje. Upisi do:\u00a031.10.2022. GDJE SU UPISI? Prijave i upisi obavljaju se u upisnom uredu Pu\u010dkog otvorenog u\u010dili\u0161ta &hellip; <a href=\"https:\/\/ponos.pou.hr\/en\/predbiljezbe-za-program-kuhar-ica\/\" class=\"more-link\">Continue reading<span class=\"screen-reader-text\"> &#8220;Predbilje\u017ebe za program kuhar\/ica&#8221;<\/span><\/a><\/p>","protected":false},"author":1,"featured_media":0,"parent":0,"menu_order":0,"comment_status":"closed","ping_status":"closed","template":"","meta":{"footnotes":""},"class_list":["post-61","page","type-page","status-publish","hentry"],"_links":{"self":[{"href":"https:\/\/ponos.pou.hr\/en\/wp-json\/wp\/v2\/pages\/61","targetHints":{"allow":["GET"]}}],"collection":[{"href":"https:\/\/ponos.pou.hr\/en\/wp-json\/wp\/v2\/pages"}],"about":[{"href":"https:\/\/ponos.pou.hr\/en\/wp-json\/wp\/v2\/types\/page"}],"author":[{"embeddable":true,"href":"https:\/\/ponos.pou.hr\/en\/wp-json\/wp\/v2\/users\/1"}],"replies":[{"embeddable":true,"href":"https:\/\/ponos.pou.hr\/en\/wp-json\/wp\/v2\/comments?post=61"}],"version-history":[{"count":6,"href":"https:\/\/ponos.pou.hr\/en\/wp-json\/wp\/v2\/pages\/61\/revisions"}],"predecessor-version":[{"id":87,"href":"https:\/\/ponos.pou.hr\/en\/wp-json\/wp\/v2\/pages\/61\/revisions\/87"}],"wp:attachment":[{"href":"https:\/\/ponos.pou.hr\/en\/wp-json\/wp\/v2\/media?parent=61"}],"curies":[{"name":"wp","href":"https:\/\/api.w.org\/{rel}","templated":true}]}}