{"id":20,"date":"2023-04-03T09:17:58","date_gmt":"2023-04-03T09:17:58","guid":{"rendered":"http:\/\/193.198.60.133\/wordpress\/?page_id=20"},"modified":"2023-04-03T10:23:24","modified_gmt":"2023-04-03T10:23:24","slug":"kontakti","status":"publish","type":"page","link":"https:\/\/ponos.pou.hr\/en\/kontakti\/","title":{"rendered":"Contacts"},"content":{"rendered":"<div class=\"wp-block-group\"><div class=\"wp-block-group__inner-container is-layout-constrained wp-block-group-is-layout-constrained\">\n<h3 class=\"wp-block-heading\"><strong>PROJECT CARRIER<\/strong><\/h3>\n\n\n\n<p><strong>Public Open University Zagreb<\/strong><br>Ulica grada Vukovara 68 \/ 10 000 Zagreb \/ Croatia<br>Tel. +385 1 6003 025<br>Fax. +385 1 6003 004<br><a href=\"https:\/\/ponos.pou.hr\/en\/\">www.ponos.pou.hr<\/a><\/p>\n\n\n\n<p>Kontakt osobe:<br>Zinka Mujki\u0107<br>E-mail:\u00a0<a href=\"mailto:zinka.mujkic@pou.hr\">zinka.mujkic@pou.hr<\/a><br>M: 091 6003 021<\/p>\n\n\n\n<div class=\"wp-block-group\"><div class=\"wp-block-group__inner-container is-layout-constrained wp-block-group-is-layout-constrained\">\n<h3 class=\"wp-block-heading\"><strong>LEVEL 2 INTERMEDIARY BODY<\/strong><\/h3>\n\n\n\n<p><strong>Croatian Employment Service<br>Central office of CES<\/strong><br>Savska cesta 164<br>10 000 Zagreb, Croatia<\/p>\n\n\n\n<p>Tel. +385 1 6126 000<br>Fax: +385 1 6126 038<br><a href=\"https:\/\/www.hzz.hr\/\">www.hzz.hr<\/a><br>E-mail:\u00a0<a href=\"mailto:hzz@hzz.hr\">hzz@hzz.hr<\/a><\/p>\n\n\n\n<div class=\"wp-block-group\"><div class=\"wp-block-group__inner-container is-layout-constrained wp-block-group-is-layout-constrained\">\n<h3 class=\"wp-block-heading\"><strong>LEVEL 1 INTERMEDIARY BODY<\/strong><\/h3>\n\n\n\n<p><strong>Ministry of Tourism and Sports<\/strong><br>Prisavlje 14<br>10000 Zagreb, Croatia<\/p>\n\n\n\n<p>Tel. +385 1 61 61 222<br><a href=\"https:\/\/mint.gov.hr\/\">https:\/\/mint.gov.hr\/<\/a><br>E-mail:&nbsp;<a href=\"mailto:strategija@mints.hr\">strategija@mints.hr<\/a><\/p>\n<\/div><\/div>\n<\/div><\/div>\n<\/div><\/div>","protected":false},"excerpt":{"rendered":"<p>NOSITELJ PROJEKTA Pu\u010dko otvoreno u\u010dili\u0161te ZagrebUlica grada Vukovara 68 \/ 10 000 Zagreb \/ HrvatskaTel. +385 1 6003 025Fax. +385 1 6003 004www.ponos.pou.hr Kontakt osobe:Zinka Mujki\u0107E-mail:\u00a0zinka.mujkic@pou.hrM: 091 6003 021 POSREDNI\u010cKO TIJELO RAZINE 2 Hrvatski zavod za zapo\u0161ljavanjeSredi\u0161nji ured HZZ-aSavska cesta 16410 000 Zagreb, Hrvatska Tel. +385 1 6126 000Fax: +385 1 6126 038www.hzz.hrE-mail:\u00a0hzz@hzz.hr POSREDNI\u010cKO TIJELO &hellip; <a href=\"https:\/\/ponos.pou.hr\/en\/kontakti\/\" class=\"more-link\">Continue reading<span class=\"screen-reader-text\"> &#8220;Kontakti&#8221;<\/span><\/a><\/p>","protected":false},"author":1,"featured_media":0,"parent":0,"menu_order":0,"comment_status":"closed","ping_status":"closed","template":"","meta":{"footnotes":""},"class_list":["post-20","page","type-page","status-publish","hentry"],"_links":{"self":[{"href":"https:\/\/ponos.pou.hr\/en\/wp-json\/wp\/v2\/pages\/20","targetHints":{"allow":["GET"]}}],"collection":[{"href":"https:\/\/ponos.pou.hr\/en\/wp-json\/wp\/v2\/pages"}],"about":[{"href":"https:\/\/ponos.pou.hr\/en\/wp-json\/wp\/v2\/types\/page"}],"author":[{"embeddable":true,"href":"https:\/\/ponos.pou.hr\/en\/wp-json\/wp\/v2\/users\/1"}],"replies":[{"embeddable":true,"href":"https:\/\/ponos.pou.hr\/en\/wp-json\/wp\/v2\/comments?post=20"}],"version-history":[{"count":3,"href":"https:\/\/ponos.pou.hr\/en\/wp-json\/wp\/v2\/pages\/20\/revisions"}],"predecessor-version":[{"id":50,"href":"https:\/\/ponos.pou.hr\/en\/wp-json\/wp\/v2\/pages\/20\/revisions\/50"}],"wp:attachment":[{"href":"https:\/\/ponos.pou.hr\/en\/wp-json\/wp\/v2\/media?parent=20"}],"curies":[{"name":"wp","href":"https:\/\/api.w.org\/{rel}","templated":true}]}}